{"id":106350,"date":"2023-07-07T12:25:51","date_gmt":"2023-07-07T10:25:51","guid":{"rendered":"https:\/\/www.pasdecor.eu\/tienda\/sin%20categor\u00eda\/pon-pon-ecopelicc-marf-c-pinza-d-60-min-72-ud\/"},"modified":"2026-02-16T11:51:07","modified_gmt":"2026-02-16T10:51:07","slug":"pon-pon-ecopelicc-marf-c-pinza-d-60","status":"publish","type":"product","link":"https:\/\/www.pasdecor.eu\/ca\/tienda\/clips-y-flor-artificial\/pon-pon-ecopelicc-marf-c-pinza-d-60\/","title":{"rendered":"POMP\u00d3N DE PIEL ECOL\u00d3GICA MARFIL CON CLIP \u00d860 MIN 72 UD"},"content":{"rendered":"<p><strong>ART\u00cdCULO DISPONIBLE A PARTIR DE SEPTIEMBRE 2023<\/strong><\/p>\n","protected":false},"excerpt":{"rendered":"<p>ART\u00cdCULO DISPONIBLE A PARTIR DE SEPTIEMBRE 2023<\/p>\n","protected":false},"featured_media":106724,"comment_status":"closed","ping_status":"closed","template":"","meta":{"_et_pb_use_builder":"","_et_pb_old_content":"","_et_gb_content_width":""},"product_brand":[],"product_cat":[108,96],"product_tag":[],"sector":[98,95,100],"ocasiones":[104],"class_list":{"0":"post-106350","1":"product","2":"type-product","3":"status-publish","4":"has-post-thumbnail","6":"product_cat-clips-y-flor-artificial","7":"product_cat-decoracion","8":"sector-decoracion","9":"sector-floristeria","10":"sector-pasteleria","11":"ocasiones-navidad","13":"first","14":"instock","15":"taxable","16":"shipping-taxable","17":"purchasable","18":"product-type-simple"},"_links":{"self":[{"href":"https:\/\/www.pasdecor.eu\/ca\/wp-json\/wp\/v2\/product\/106350","targetHints":{"allow":["GET"]}}],"collection":[{"href":"https:\/\/www.pasdecor.eu\/ca\/wp-json\/wp\/v2\/product"}],"about":[{"href":"https:\/\/www.pasdecor.eu\/ca\/wp-json\/wp\/v2\/types\/product"}],"replies":[{"embeddable":true,"href":"https:\/\/www.pasdecor.eu\/ca\/wp-json\/wp\/v2\/comments?post=106350"}],"wp:featuredmedia":[{"embeddable":true,"href":"https:\/\/www.pasdecor.eu\/ca\/wp-json\/wp\/v2\/media\/106724"}],"wp:attachment":[{"href":"https:\/\/www.pasdecor.eu\/ca\/wp-json\/wp\/v2\/media?parent=106350"}],"wp:term":[{"taxonomy":"product_brand","embeddable":true,"href":"https:\/\/www.pasdecor.eu\/ca\/wp-json\/wp\/v2\/product_brand?post=106350"},{"taxonomy":"product_cat","embeddable":true,"href":"https:\/\/www.pasdecor.eu\/ca\/wp-json\/wp\/v2\/product_cat?post=106350"},{"taxonomy":"product_tag","embeddable":true,"href":"https:\/\/www.pasdecor.eu\/ca\/wp-json\/wp\/v2\/product_tag?post=106350"},{"taxonomy":"sector","embeddable":true,"href":"https:\/\/www.pasdecor.eu\/ca\/wp-json\/wp\/v2\/sector?post=106350"},{"taxonomy":"ocasiones","embeddable":true,"href":"https:\/\/www.pasdecor.eu\/ca\/wp-json\/wp\/v2\/ocasiones?post=106350"}],"curies":[{"name":"wp","href":"https:\/\/api.w.org\/{rel}","templated":true}]}}